{"id":364,"date":"2024-03-27T14:03:31","date_gmt":"2024-03-27T13:03:31","guid":{"rendered":"http:\/\/127.0.0.1\/dashboard\/?page_id=364"},"modified":"2024-03-28T18:40:36","modified_gmt":"2024-03-28T17:40:36","slug":"impressum","status":"publish","type":"page","link":"http:\/\/asc-pfalzel.de\/dashboard\/impressum\/","title":{"rendered":"Impressum"},"content":{"rendered":"\t\t<div data-elementor-type=\"wp-page\" data-elementor-id=\"364\" class=\"elementor elementor-364\">\n\t\t\t\t<div class=\"elementor-element elementor-element-5599dd7 e-flex e-con-boxed e-con e-parent\" data-id=\"5599dd7\" data-element_type=\"container\">\n\t\t\t\t\t<div class=\"e-con-inner\">\n\t\t\t\t<div class=\"elementor-element elementor-element-1251740 elementor-widget elementor-widget-image\" data-id=\"1251740\" data-element_type=\"widget\" data-widget_type=\"image.default\">\n\t\t\t\t<div class=\"elementor-widget-container\">\n\t\t\t<style>\/*! elementor - v3.21.0 - 15-04-2024 *\/\n.elementor-widget-image{text-align:center}.elementor-widget-image a{display:inline-block}.elementor-widget-image a img[src$=\".svg\"]{width:48px}.elementor-widget-image img{vertical-align:middle;display:inline-block}<\/style>\t\t\t\t\t\t\t\t\t\t<img fetchpriority=\"high\" decoding=\"async\" width=\"252\" height=\"300\" src=\"http:\/\/asc-pfalzel.de\/dashboard\/wp-content\/uploads\/2024\/03\/ASCWappen_-transparent.png\" class=\"attachment-medium size-medium wp-image-77\" alt=\"\" \/>\t\t\t\t\t\t\t\t\t\t\t\t\t<\/div>\n\t\t\t\t<\/div>\n\t\t\t\t\t<\/div>\n\t\t\t\t<\/div>\n\t\t<div class=\"elementor-element elementor-element-7b1aaf6 e-flex e-con-boxed e-con e-parent\" data-id=\"7b1aaf6\" data-element_type=\"container\">\n\t\t\t\t\t<div class=\"e-con-inner\">\n\t\t\t\t\t<\/div>\n\t\t\t\t<\/div>\n\t\t<div class=\"elementor-element elementor-element-7da6687 e-flex e-con-boxed e-con e-parent\" data-id=\"7da6687\" data-element_type=\"container\">\n\t\t\t\t\t<div class=\"e-con-inner\">\n\t\t\t\t<div class=\"elementor-element elementor-element-972558b elementor-widget elementor-widget-heading\" data-id=\"972558b\" data-element_type=\"widget\" data-widget_type=\"heading.default\">\n\t\t\t\t<div class=\"elementor-widget-container\">\n\t\t\t<style>\/*! elementor - v3.21.0 - 15-04-2024 *\/\n.elementor-heading-title{padding:0;margin:0;line-height:1}.elementor-widget-heading .elementor-heading-title[class*=elementor-size-]>a{color:inherit;font-size:inherit;line-height:inherit}.elementor-widget-heading .elementor-heading-title.elementor-size-small{font-size:15px}.elementor-widget-heading .elementor-heading-title.elementor-size-medium{font-size:19px}.elementor-widget-heading .elementor-heading-title.elementor-size-large{font-size:29px}.elementor-widget-heading .elementor-heading-title.elementor-size-xl{font-size:39px}.elementor-widget-heading .elementor-heading-title.elementor-size-xxl{font-size:59px}<\/style><h2 class=\"elementor-heading-title elementor-size-default\">Impressum<\/h2>\t\t<\/div>\n\t\t\t\t<\/div>\n\t\t\t\t\t<\/div>\n\t\t\t\t<\/div>\n\t\t<div class=\"elementor-element elementor-element-2e8b15f e-flex e-con-boxed e-con e-parent\" data-id=\"2e8b15f\" data-element_type=\"container\">\n\t\t\t\t\t<div class=\"e-con-inner\">\n\t\t\t\t<div class=\"elementor-element elementor-element-bf151e0 elementor-widget elementor-widget-heading\" data-id=\"bf151e0\" data-element_type=\"widget\" data-widget_type=\"heading.default\">\n\t\t\t\t<div class=\"elementor-widget-container\">\n\t\t\t<h2 class=\"elementor-heading-title elementor-size-default\">Herausgeber<\/h2>\t\t<\/div>\n\t\t\t\t<\/div>\n\t\t\t\t<div class=\"elementor-element elementor-element-bcdc0fa elementor-widget elementor-widget-heading\" data-id=\"bcdc0fa\" data-element_type=\"widget\" data-widget_type=\"heading.default\">\n\t\t\t\t<div class=\"elementor-widget-container\">\n\t\t\t<h2 class=\"elementor-heading-title elementor-size-default\"><h2>\n<span style=\"display: inline-block; border-width: initial; border-style: none; padding: 0cm;\"><font style=\"font-size: 20pt\"><font color=\"#00a933\">A<\/font>ngel <font color=\"#00a933\">S<\/font>port <font color=\"#00a933\">C<\/font>lub Pfalzel 1950 e.V.<\/font><\/span><\/h2><\/h2>\t\t<\/div>\n\t\t\t\t<\/div>\n\t\t\t\t\t<\/div>\n\t\t\t\t<\/div>\n\t\t<div class=\"elementor-element elementor-element-5794642 e-flex e-con-boxed e-con e-parent\" data-id=\"5794642\" data-element_type=\"container\">\n\t\t\t\t\t<div class=\"e-con-inner\">\n\t\t<div class=\"elementor-element elementor-element-57ede4c e-con-full e-flex e-con e-child\" data-id=\"57ede4c\" data-element_type=\"container\">\n\t\t\t\t<\/div>\n\t\t<div class=\"elementor-element elementor-element-402c808 e-con-full e-flex e-con e-child\" data-id=\"402c808\" data-element_type=\"container\">\n\t\t\t\t<div class=\"elementor-element elementor-element-4c5d44d elementor-widget elementor-widget-text-editor\" data-id=\"4c5d44d\" data-element_type=\"widget\" data-widget_type=\"text-editor.default\">\n\t\t\t\t<div class=\"elementor-widget-container\">\n\t\t\t<style>\/*! elementor - v3.21.0 - 15-04-2024 *\/\n.elementor-widget-text-editor.elementor-drop-cap-view-stacked .elementor-drop-cap{background-color:#69727d;color:#fff}.elementor-widget-text-editor.elementor-drop-cap-view-framed .elementor-drop-cap{color:#69727d;border:3px solid;background-color:transparent}.elementor-widget-text-editor:not(.elementor-drop-cap-view-default) .elementor-drop-cap{margin-top:8px}.elementor-widget-text-editor:not(.elementor-drop-cap-view-default) .elementor-drop-cap-letter{width:1em;height:1em}.elementor-widget-text-editor .elementor-drop-cap{float:left;text-align:center;line-height:1;font-size:50px}.elementor-widget-text-editor .elementor-drop-cap-letter{display:inline-block}<\/style>\t\t\t\t<p>J\u00fcrgen Weiland<\/p><p>Mittelweg 11<\/p><p>54293 Trier-Pfalzel<\/p>\t\t\t\t\t\t<\/div>\n\t\t\t\t<\/div>\n\t\t\t\t<div class=\"elementor-element elementor-element-61a5dfb elementor-widget elementor-widget-google_maps\" data-id=\"61a5dfb\" data-element_type=\"widget\" data-widget_type=\"google_maps.default\">\n\t\t\t\t<div class=\"elementor-widget-container\">\n\t\t\t<style>\/*! elementor - v3.21.0 - 15-04-2024 *\/\n.elementor-widget-google_maps .elementor-widget-container{overflow:hidden}.elementor-widget-google_maps .elementor-custom-embed{line-height:0}.elementor-widget-google_maps iframe{height:300px}<\/style>\t\t<div class=\"elementor-custom-embed\">\n\t\t\t<iframe loading=\"lazy\"\n\t\t\t\t\tsrc=\"https:\/\/maps.google.com\/maps?q=54293%20mittelweg%2011&#038;t=m&#038;z=14&#038;output=embed&#038;iwloc=near\"\n\t\t\t\t\ttitle=\"54293 mittelweg 11\"\n\t\t\t\t\taria-label=\"54293 mittelweg 11\"\n\t\t\t><\/iframe>\n\t\t<\/div>\n\t\t\t\t<\/div>\n\t\t\t\t<\/div>\n\t\t\t\t<\/div>\n\t\t<div class=\"elementor-element elementor-element-86e00f2 e-con-full e-flex e-con e-child\" data-id=\"86e00f2\" data-element_type=\"container\">\n\t\t\t\t<\/div>\n\t\t\t\t\t<\/div>\n\t\t\t\t<\/div>\n\t\t<div class=\"elementor-element elementor-element-cd64db8 e-flex e-con-boxed e-con e-parent\" data-id=\"cd64db8\" data-element_type=\"container\">\n\t\t\t\t\t<div class=\"e-con-inner\">\n\t\t\t\t<div class=\"elementor-element elementor-element-fd209bf elementor-widget elementor-widget-text-editor\" data-id=\"fd209bf\" data-element_type=\"widget\" data-widget_type=\"text-editor.default\">\n\t\t\t\t<div class=\"elementor-widget-container\">\n\t\t\t\t\t\t\t<p><span style=\"font-size: 21px; color: var( --e-global-color-primary );\">Bankverbindung (Sparkasse Trier)<\/span><\/p>\n<p>IBAN: DE95 5855 0130 0002 6747 03<\/p>\n<p>Steuer Nr.: 742\/055\/8015\/100\/000\/2<\/p>\n<p>VR 1054 (Amtsgericht Wittlich)<\/p>\n<p><br><\/p>\n<p><\/p>\n<p>Gesch\u00e4ftstelle ge\u00f6ffnet: Donnerstags von 19 bis 21 Uhr<\/p>\n<p><\/p>\n<p>E-Mail: asc@pfalzel.de<\/p>\t\t\t\t\t\t<\/div>\n\t\t\t\t<\/div>\n\t\t\t\t\t<\/div>\n\t\t\t\t<\/div>\n\t\t<div class=\"elementor-element elementor-element-1ab4104 e-flex e-con-boxed e-con e-parent\" data-id=\"1ab4104\" data-element_type=\"container\">\n\t\t\t\t\t<div class=\"e-con-inner\">\n\t\t\t\t\t<\/div>\n\t\t\t\t<\/div>\n\t\t<div class=\"elementor-element elementor-element-294ad8f e-flex e-con-boxed e-con e-parent\" data-id=\"294ad8f\" data-element_type=\"container\">\n\t\t\t\t\t<div class=\"e-con-inner\">\n\t\t\t\t<div class=\"elementor-element elementor-element-98de307 elementor-widget elementor-widget-text-editor\" data-id=\"98de307\" data-element_type=\"widget\" data-widget_type=\"text-editor.default\">\n\t\t\t\t<div class=\"elementor-widget-container\">\n\t\t\t\t\t\t\t<p><b><u>Urheberrechte<\/u><\/b><\/p>\n<p><\/p>\n<p>Alle erschienenen Beitr\u00e4ge sind urheberrechtlich gesch\u00fctzt. Alle Rechte und \u00dcbersetzungen sind vorbehalten. Reproduktionen, gleich welcher Art, nur mit schriftlicher Genehmigung des Gesch\u00e4ftsf\u00fchrenden Vorstand. Aus der Ver\u00f6ffentlichung kann nicht geschlossen werden, dass die verwendeten Bezeichnungen frei von gewerblichen Schutzrechten sind.<\/p>\n<p><\/p>\n<p><b><u>Haftung<\/u><\/b><\/p>\n<p><\/p>\n<p>F\u00fcr unaufgefordert eingesandte Manuskripte, Datentr\u00e4ger, Produkte und Fotos wird keine Haftung \u00fcbernommen. Alle Angebote sind freibleibend. Alle Angaben ohne Gew\u00e4hr.<\/p>\n<p><\/p>\n<p><b><u>Hinweis<\/u><\/b><\/p>\n<p><\/p>\n<p>Trotz sorgf\u00e4ltiger inhaltlicher Kontrolle \u00fcbernehmen wir keine Haftung f\u00fcr die Inhalte externer Links. F\u00fcr den Inhalt der verlinkten Seiten sind ausschlie\u00dflich deren Betreiber verantwortlich.<\/p>\t\t\t\t\t\t<\/div>\n\t\t\t\t<\/div>\n\t\t<div class=\"elementor-element elementor-element-83164d4 e-flex e-con-boxed e-con e-child\" data-id=\"83164d4\" data-element_type=\"container\">\n\t\t\t\t\t<div class=\"e-con-inner\">\n\t\t\t\t\t<\/div>\n\t\t\t\t<\/div>\n\t\t\t\t\t<\/div>\n\t\t\t\t<\/div>\n\t\t<div class=\"elementor-element elementor-element-63cfc7c e-flex e-con-boxed e-con e-parent\" data-id=\"63cfc7c\" data-element_type=\"container\">\n\t\t\t\t\t<div class=\"e-con-inner\">\n\t\t\t\t\t<\/div>\n\t\t\t\t<\/div>\n\t\t\t\t<\/div>\n\t\t","protected":false},"excerpt":{"rendered":"<p>Impressum Herausgeber Angel Sport Club Pfalzel 1950 e.V. J\u00fcrgen Weiland Mittelweg 11 54293 Trier-Pfalzel Bankverbindung (Sparkasse Trier) IBAN: DE95 5855 0130 0002 6747 03 Steuer Nr.: 742\/055\/8015\/100\/000\/2 VR 1054 (Amtsgericht Wittlich) Gesch\u00e4ftstelle ge\u00f6ffnet: Donnerstags von 19 bis 21 Uhr E-Mail: asc@pfalzel.de Urheberrechte Alle erschienenen Beitr\u00e4ge sind urheberrechtlich gesch\u00fctzt. Alle Rechte und \u00dcbersetzungen sind vorbehalten. Reproduktionen, [&hellip;]<\/p>\n","protected":false},"author":1,"featured_media":0,"parent":0,"menu_order":0,"comment_status":"closed","ping_status":"closed","template":"","meta":{"ocean_post_layout":"full-screen","ocean_both_sidebars_style":"","ocean_both_sidebars_content_width":0,"ocean_both_sidebars_sidebars_width":0,"ocean_sidebar":"","ocean_second_sidebar":"","ocean_disable_margins":"enable","ocean_add_body_class":"","ocean_shortcode_before_top_bar":"","ocean_shortcode_after_top_bar":"","ocean_shortcode_before_header":"","ocean_shortcode_after_header":"","ocean_has_shortcode":"","ocean_shortcode_after_title":"","ocean_shortcode_before_footer_widgets":"","ocean_shortcode_after_footer_widgets":"","ocean_shortcode_before_footer_bottom":"","ocean_shortcode_after_footer_bottom":"","ocean_display_top_bar":"off","ocean_display_header":"default","ocean_header_style":"minimal","ocean_center_header_left_menu":"","ocean_custom_header_template":"","ocean_custom_logo":0,"ocean_custom_retina_logo":0,"ocean_custom_logo_max_width":0,"ocean_custom_logo_tablet_max_width":0,"ocean_custom_logo_mobile_max_width":0,"ocean_custom_logo_max_height":0,"ocean_custom_logo_tablet_max_height":0,"ocean_custom_logo_mobile_max_height":0,"ocean_header_custom_menu":"","ocean_menu_typo_font_family":"","ocean_menu_typo_font_subset":"","ocean_menu_typo_font_size":0,"ocean_menu_typo_font_size_tablet":0,"ocean_menu_typo_font_size_mobile":0,"ocean_menu_typo_font_size_unit":"px","ocean_menu_typo_font_weight":"","ocean_menu_typo_font_weight_tablet":"","ocean_menu_typo_font_weight_mobile":"","ocean_menu_typo_transform":"","ocean_menu_typo_transform_tablet":"","ocean_menu_typo_transform_mobile":"","ocean_menu_typo_line_height":0,"ocean_menu_typo_line_height_tablet":0,"ocean_menu_typo_line_height_mobile":0,"ocean_menu_typo_line_height_unit":"","ocean_menu_typo_spacing":0,"ocean_menu_typo_spacing_tablet":0,"ocean_menu_typo_spacing_mobile":0,"ocean_menu_typo_spacing_unit":"","ocean_menu_link_color":"","ocean_menu_link_color_hover":"","ocean_menu_link_color_active":"","ocean_menu_link_background":"","ocean_menu_link_hover_background":"","ocean_menu_link_active_background":"","ocean_menu_social_links_bg":"","ocean_menu_social_hover_links_bg":"","ocean_menu_social_links_color":"","ocean_menu_social_hover_links_color":"","ocean_disable_title":"on","ocean_disable_heading":"default","ocean_post_title":"","ocean_post_subheading":"","ocean_post_title_style":"","ocean_post_title_background_color":"","ocean_post_title_background":0,"ocean_post_title_bg_image_position":"","ocean_post_title_bg_image_attachment":"","ocean_post_title_bg_image_repeat":"","ocean_post_title_bg_image_size":"","ocean_post_title_height":0,"ocean_post_title_bg_overlay":0.5,"ocean_post_title_bg_overlay_color":"","ocean_disable_breadcrumbs":"default","ocean_breadcrumbs_color":"","ocean_breadcrumbs_separator_color":"","ocean_breadcrumbs_links_color":"","ocean_breadcrumbs_links_hover_color":"","ocean_display_footer_widgets":"off","ocean_display_footer_bottom":"off","ocean_custom_footer_template":"","footnotes":""},"_links":{"self":[{"href":"http:\/\/asc-pfalzel.de\/dashboard\/wp-json\/wp\/v2\/pages\/364"}],"collection":[{"href":"http:\/\/asc-pfalzel.de\/dashboard\/wp-json\/wp\/v2\/pages"}],"about":[{"href":"http:\/\/asc-pfalzel.de\/dashboard\/wp-json\/wp\/v2\/types\/page"}],"author":[{"embeddable":true,"href":"http:\/\/asc-pfalzel.de\/dashboard\/wp-json\/wp\/v2\/users\/1"}],"replies":[{"embeddable":true,"href":"http:\/\/asc-pfalzel.de\/dashboard\/wp-json\/wp\/v2\/comments?post=364"}],"version-history":[{"count":35,"href":"http:\/\/asc-pfalzel.de\/dashboard\/wp-json\/wp\/v2\/pages\/364\/revisions"}],"predecessor-version":[{"id":689,"href":"http:\/\/asc-pfalzel.de\/dashboard\/wp-json\/wp\/v2\/pages\/364\/revisions\/689"}],"wp:attachment":[{"href":"http:\/\/asc-pfalzel.de\/dashboard\/wp-json\/wp\/v2\/media?parent=364"}],"curies":[{"name":"wp","href":"https:\/\/api.w.org\/{rel}","templated":true}]}}