{"id":21,"date":"2024-03-26T13:52:30","date_gmt":"2024-03-26T12:52:30","guid":{"rendered":"http:\/\/127.0.0.1\/dashboard\/?page_id=21"},"modified":"2026-04-26T19:30:11","modified_gmt":"2026-04-26T17:30:11","slug":"termine","status":"publish","type":"page","link":"http:\/\/asc-pfalzel.de\/dashboard\/termine\/","title":{"rendered":"Termine  2026"},"content":{"rendered":"\t\t<div data-elementor-type=\"wp-page\" data-elementor-id=\"21\" class=\"elementor elementor-21\">\n\t\t\t\t<div class=\"elementor-element elementor-element-3ac51faf e-flex e-con-boxed e-con e-parent\" data-id=\"3ac51faf\" data-element_type=\"container\">\n\t\t\t\t\t<div class=\"e-con-inner\">\n\t\t\t\t<div class=\"elementor-element elementor-element-5a90b199 elementor-widget elementor-widget-text-editor\" data-id=\"5a90b199\" data-element_type=\"widget\" data-widget_type=\"text-editor.default\">\n\t\t\t\t<div class=\"elementor-widget-container\">\n\t\t\t<style>\/*! elementor - v3.21.0 - 15-04-2024 *\/\n.elementor-widget-text-editor.elementor-drop-cap-view-stacked .elementor-drop-cap{background-color:#69727d;color:#fff}.elementor-widget-text-editor.elementor-drop-cap-view-framed .elementor-drop-cap{color:#69727d;border:3px solid;background-color:transparent}.elementor-widget-text-editor:not(.elementor-drop-cap-view-default) .elementor-drop-cap{margin-top:8px}.elementor-widget-text-editor:not(.elementor-drop-cap-view-default) .elementor-drop-cap-letter{width:1em;height:1em}.elementor-widget-text-editor .elementor-drop-cap{float:left;text-align:center;line-height:1;font-size:50px}.elementor-widget-text-editor .elementor-drop-cap-letter{display:inline-block}<\/style>\t\t\t\t<!-- wp:paragraph -->\n<p><\/p>\n<!-- \/wp:paragraph -->\n\n<!-- wp:paragraph -->\n<p><\/p>\n<!-- \/wp:paragraph -->\n\n<!-- wp:paragraph -->\n<p><\/p>\n<!-- \/wp:paragraph -->\n\n<!-- wp:paragraph -->\n<p><\/p>\n<!-- \/wp:paragraph -->\n\n<!-- wp:heading -->\n<h2 class=\"wp-block-heading\"><\/h2>\n<!-- \/wp:heading -->\t\t\t\t\t\t<\/div>\n\t\t\t\t<\/div>\n\t\t\t\t\t<\/div>\n\t\t\t\t<\/div>\n\t\t<div class=\"elementor-element elementor-element-4a26a27 e-flex e-con-boxed e-con e-parent\" data-id=\"4a26a27\" data-element_type=\"container\">\n\t\t\t\t\t<div class=\"e-con-inner\">\n\t\t\t\t<div class=\"elementor-element elementor-element-0acabfc elementor-widget elementor-widget-heading\" data-id=\"0acabfc\" data-element_type=\"widget\" data-widget_type=\"heading.default\">\n\t\t\t\t<div class=\"elementor-widget-container\">\n\t\t\t<style>\/*! elementor - v3.21.0 - 15-04-2024 *\/\n.elementor-heading-title{padding:0;margin:0;line-height:1}.elementor-widget-heading .elementor-heading-title[class*=elementor-size-]>a{color:inherit;font-size:inherit;line-height:inherit}.elementor-widget-heading .elementor-heading-title.elementor-size-small{font-size:15px}.elementor-widget-heading .elementor-heading-title.elementor-size-medium{font-size:19px}.elementor-widget-heading .elementor-heading-title.elementor-size-large{font-size:29px}.elementor-widget-heading .elementor-heading-title.elementor-size-xl{font-size:39px}.elementor-widget-heading .elementor-heading-title.elementor-size-xxl{font-size:59px}<\/style><h2 class=\"elementor-heading-title elementor-size-default\">Vereinstermine 2026<\/h2>\t\t<\/div>\n\t\t\t\t<\/div>\n\t\t\t\t\t<\/div>\n\t\t\t\t<\/div>\n\t\t<div class=\"elementor-element elementor-element-7fc6de9 e-flex e-con-boxed e-con e-parent\" data-id=\"7fc6de9\" data-element_type=\"container\">\n\t\t\t\t\t<div class=\"e-con-inner\">\n\t\t\t\t<div class=\"elementor-element elementor-element-984a72e elementor-widget elementor-widget-text-editor\" data-id=\"984a72e\" data-element_type=\"widget\" data-widget_type=\"text-editor.default\">\n\t\t\t\t<div class=\"elementor-widget-container\">\n\t\t\t\t\t\t\t<p><strong>\u00a0<\/strong><\/p>\n<p><strong>\u00a0\u00a0\u00a0\u00a0\u00a0\u00a0\u00a0\u00a0\u00a0\u00a0\u00a0\u00a0\u00a0 <\/strong><strong><u>Termine 2026<\/u><\/strong><\/p>\n<p>\u00a0<\/p>\n<p>\u00a0<\/p>\n<p>\u00a0<\/p>\n<p>\u00a0<\/p>\n<p>\u00a0<\/p>\n<table width=\"100%\">\n<tbody>\n<tr>\n<td width=\"21%\">\n<p><strong><em>Tag<\/em><\/strong><\/p>\n<\/td>\n<td width=\"11%\">\n<p><strong><em>Zeit<\/em><\/strong><\/p>\n<\/td>\n<td width=\"42%\">\n<p><strong><em>Anlass<\/em><\/strong><\/p>\n<\/td>\n<td width=\"25%\">\n<p><strong><em>Treffpunkt<\/em><\/strong><\/p>\n<\/td>\n<\/tr>\n<tr>\n<td width=\"21%\">\n<p><strong>1403.2026<\/strong><\/p>\n<\/td>\n<td width=\"11%\">\n<p><strong>08.00<\/strong><\/p>\n<\/td>\n<td width=\"42%\">\n<p><strong>Arbeitsdienst Los 3<\/strong><\/p>\n<\/td>\n<td width=\"25%\">\n<p><strong>Sparkasse Ehrang<\/strong><\/p>\n<\/td>\n<\/tr>\n<tr>\n<td width=\"21%\">\n<p><strong>22.03.2026<\/strong><\/p>\n<\/td>\n<td width=\"11%\">\n<p><strong>8.00 <\/strong><\/p>\n<\/td>\n<td width=\"42%\">\n<ol>\n<li><strong>Jugendangeln Weiher<\/strong><\/li>\n<\/ol>\n<\/td>\n<td width=\"25%\">Fischerh\u00fctte Beuren<\/td>\n<\/tr>\n<tr>\n<td width=\"21%\">28.03.2026<\/td>\n<td width=\"11%\">\n<p><strong>7.00<\/strong><\/p>\n<\/td>\n<td width=\"42%\">\n<p><strong>1. Seniorenangeln Mosel<\/strong><\/p>\n<\/td>\n<td width=\"25%\">Spotplatz Pfalzel<\/td>\n<\/tr>\n<tr>\n<td width=\"21%\">11.04.2026<\/td>\n<td width=\"11%\">8.00<\/td>\n<td width=\"42%\">Arbeitsdienst Weiher<\/td>\n<td width=\"25%\">\n<p><strong>Fischerh\u00fctte Beuren<\/strong><\/p>\n<\/td>\n<\/tr>\n<tr>\n<td width=\"21%\">\n<p><strong>12.04.2026<\/strong><\/p>\n<\/td>\n<td width=\"11%\">09.00<\/td>\n<td width=\"42%\">Anangelon in Beuren<\/td>\n<td width=\"25%\">Fischerh\u00fctte Beuren<\/td>\n<\/tr>\n<tr>\n<td width=\"21%\">\n<p><strong>18.04.2026<\/strong><\/p>\n<\/td>\n<td width=\"11%\">\n<p><strong>7.00<\/strong><\/p>\n<\/td>\n<td width=\"42%\">\n<p><strong>2. Jugendangeln Weiher Beuren <\/strong><\/p>\n<\/td>\n<td width=\"25%\">\n<p><strong>Fischerh\u00fctte Beuren<\/strong><\/p>\n<\/td>\n<\/tr>\n<tr>\n<td width=\"21%\">\n<p><strong>25,04,2026<\/strong><\/p>\n<\/td>\n<td width=\"11%\">\n<p><strong>7.00 <\/strong><\/p>\n<\/td>\n<td width=\"42%\">2. Seniorenangeln Mosel<\/td>\n<td width=\"25%\">Sportplatz Pfalzel<\/td>\n<\/tr>\n<tr>\n<td width=\"21%\">\n<p><strong>02.05.2026<\/strong><\/p>\n<\/td>\n<td width=\"11%\">7.00<\/td>\n<td width=\"42%\">3. Seniorenangeln Mosel<\/td>\n<td width=\"25%\">Sportplatz Pfalzel<\/td>\n<\/tr>\n<tr>\n<td width=\"21%\"><br \/>\n<p><strong>03.05.2026<\/strong><\/p>\n<\/td>\n<td width=\"11%\">\n<p>8.00<\/p>\n<\/td>\n<td width=\"42%\">\n<p><strong>3. Jugendangeln Kyll<\/strong><\/p>\n<\/td>\n<td width=\"25%\">Sparkasse Ehrang<\/td>\n<\/tr>\n<tr>\n<td width=\"21%\">\n<p><strong>09.05.2026<\/strong><\/p>\n<\/td>\n<td width=\"11%\">14.00<\/td>\n<td width=\"42%\">Jahreshauptversammlung<\/td>\n<td width=\"25%\">Haus Golo str. 4<\/td>\n<\/tr>\n<tr>\n<td width=\"21%\">\n<p><strong>13.06.2026<\/strong><\/p>\n<\/td>\n<td width=\"11%\">\n<p><strong>\u00a0<\/strong><\/p>\n<\/td>\n<td width=\"42%\">Nachtangeln Weiher Beuren<\/td>\n<td width=\"25%\">\n<p><strong>\u00a0Fischerh\u00fctte Beuren<\/strong><\/p>\n<\/td>\n<\/tr>\n<tr>\n<td width=\"21%\">\n<p><strong>11.07.2026<\/strong><\/p>\n<\/td>\n<td width=\"11%\">\n<p><strong>10.00<\/strong><\/p>\n<\/td>\n<td width=\"42%\">\n<p><strong>Nachtangeln Jugendlichee an der Kyll<\/strong><\/p>\n<\/td>\n<td width=\"25%\"><br \/>Wasserh\u00e4uschen Los 3<\/td>\n<\/tr>\n<tr>\n<td width=\"21%\">\n<p><strong>04.07.2026<\/strong><\/p>\n<\/td>\n<td width=\"11%\">\n<p><strong>\u00a0<\/strong><\/p>\n<\/td>\n<td width=\"42%\">Arbeitsdienst Los 3 Kyll<\/td>\n<td width=\"25%\">Sparkasse Ehrang<\/td>\n<\/tr>\n<tr>\n<td width=\"21%\">\n<p><strong>08.08.2026<\/strong><\/p>\n<\/td>\n<td width=\"11%\">\n<p><strong>14.00<\/strong><\/p>\n<p><strong>Uhr<\/strong><\/p>\n<\/td>\n<td width=\"42%\"><strong>Sommerfest ASC Pfalzel<\/strong><\/td>\n<td width=\"25%\">Vereinshaus<\/td>\n<\/tr>\n<tr>\n<td width=\"21%\">\n<p><strong>03.10.2026<\/strong><\/p>\n<\/td>\n<td width=\"11%\">\n<p><strong>09:00<\/strong><\/p>\n<p><strong>Uhr<\/strong><\/p>\n<\/td>\n<td width=\"42%\">\n<p><strong>Abangeln \u00a0in <\/strong><\/p>\n<p><strong>Beuren<\/strong><\/p>\n<\/td>\n<td width=\"25%\">\n<p><strong>Weiher Beuren<\/strong><\/p>\n<\/td>\n<\/tr>\n<\/tbody>\n<\/table>\n<p>\u00a0<\/p>\n<p>Weitere Arbeitsdiensttermine k\u00f6nnen noch bekannt gegeben werden.<\/p>\n<p>Aktuelle Termine gibt es in Homepage unter <a href=\"mailto:asc@pfalzel.de\">asc@pfalzel.de<\/a><\/p>\n<p>\u00a0<\/p>\n<p>Um die Arbeitsdienste effizienter gestalten zu k\u00f6nnen, bitten wir um 8 t\u00e4gige vorherige Anmeldung beim Vorstand. Die Arbeitsdienste Vereinshaus erfolgen nach Absprache mit dem Vorstand. \u00a0<\/p>\t\t\t\t\t\t<\/div>\n\t\t\t\t<\/div>\n\t\t\t\t\t<\/div>\n\t\t\t\t<\/div>\n\t\t\t\t<\/div>\n\t\t","protected":false},"excerpt":{"rendered":"<p>Vereinstermine 2026 \u00a0 \u00a0\u00a0\u00a0\u00a0\u00a0\u00a0\u00a0\u00a0\u00a0\u00a0\u00a0\u00a0\u00a0 Termine 2026 \u00a0 \u00a0 \u00a0 \u00a0 \u00a0 Tag Zeit Anlass Treffpunkt 1403.2026 08.00 Arbeitsdienst Los 3 Sparkasse Ehrang 22.03.2026 8.00 Jugendangeln Weiher Fischerh\u00fctte Beuren 28.03.2026 7.00 1. Seniorenangeln Mosel Spotplatz Pfalzel 11.04.2026 8.00 Arbeitsdienst Weiher Fischerh\u00fctte Beuren 12.04.2026 09.00 Anangelon in Beuren Fischerh\u00fctte Beuren 18.04.2026 7.00 2. Jugendangeln Weiher Beuren Fischerh\u00fctte [&hellip;]<\/p>\n","protected":false},"author":1,"featured_media":0,"parent":0,"menu_order":0,"comment_status":"closed","ping_status":"closed","template":"","meta":{"ocean_post_layout":"full-screen","ocean_both_sidebars_style":"","ocean_both_sidebars_content_width":0,"ocean_both_sidebars_sidebars_width":0,"ocean_sidebar":"","ocean_second_sidebar":"","ocean_disable_margins":"enable","ocean_add_body_class":"","ocean_shortcode_before_top_bar":"","ocean_shortcode_after_top_bar":"","ocean_shortcode_before_header":"","ocean_shortcode_after_header":"","ocean_has_shortcode":"","ocean_shortcode_after_title":"","ocean_shortcode_before_footer_widgets":"","ocean_shortcode_after_footer_widgets":"","ocean_shortcode_before_footer_bottom":"","ocean_shortcode_after_footer_bottom":"","ocean_display_top_bar":"off","ocean_display_header":"default","ocean_header_style":"minimal","ocean_center_header_left_menu":"","ocean_custom_header_template":"","ocean_custom_logo":0,"ocean_custom_retina_logo":0,"ocean_custom_logo_max_width":0,"ocean_custom_logo_tablet_max_width":0,"ocean_custom_logo_mobile_max_width":0,"ocean_custom_logo_max_height":0,"ocean_custom_logo_tablet_max_height":0,"ocean_custom_logo_mobile_max_height":0,"ocean_header_custom_menu":"","ocean_menu_typo_font_family":"","ocean_menu_typo_font_subset":"","ocean_menu_typo_font_size":0,"ocean_menu_typo_font_size_tablet":0,"ocean_menu_typo_font_size_mobile":0,"ocean_menu_typo_font_size_unit":"px","ocean_menu_typo_font_weight":"","ocean_menu_typo_font_weight_tablet":"","ocean_menu_typo_font_weight_mobile":"","ocean_menu_typo_transform":"","ocean_menu_typo_transform_tablet":"","ocean_menu_typo_transform_mobile":"","ocean_menu_typo_line_height":0,"ocean_menu_typo_line_height_tablet":0,"ocean_menu_typo_line_height_mobile":0,"ocean_menu_typo_line_height_unit":"","ocean_menu_typo_spacing":0,"ocean_menu_typo_spacing_tablet":0,"ocean_menu_typo_spacing_mobile":0,"ocean_menu_typo_spacing_unit":"","ocean_menu_link_color":"","ocean_menu_link_color_hover":"","ocean_menu_link_color_active":"","ocean_menu_link_background":"","ocean_menu_link_hover_background":"","ocean_menu_link_active_background":"","ocean_menu_social_links_bg":"","ocean_menu_social_hover_links_bg":"","ocean_menu_social_links_color":"","ocean_menu_social_hover_links_color":"","ocean_disable_title":"on","ocean_disable_heading":"default","ocean_post_title":"","ocean_post_subheading":"","ocean_post_title_style":"","ocean_post_title_background_color":"","ocean_post_title_background":0,"ocean_post_title_bg_image_position":"","ocean_post_title_bg_image_attachment":"","ocean_post_title_bg_image_repeat":"","ocean_post_title_bg_image_size":"","ocean_post_title_height":0,"ocean_post_title_bg_overlay":0.5,"ocean_post_title_bg_overlay_color":"","ocean_disable_breadcrumbs":"default","ocean_breadcrumbs_color":"","ocean_breadcrumbs_separator_color":"","ocean_breadcrumbs_links_color":"","ocean_breadcrumbs_links_hover_color":"","ocean_display_footer_widgets":"off","ocean_display_footer_bottom":"off","ocean_custom_footer_template":"","footnotes":""},"_links":{"self":[{"href":"http:\/\/asc-pfalzel.de\/dashboard\/wp-json\/wp\/v2\/pages\/21"}],"collection":[{"href":"http:\/\/asc-pfalzel.de\/dashboard\/wp-json\/wp\/v2\/pages"}],"about":[{"href":"http:\/\/asc-pfalzel.de\/dashboard\/wp-json\/wp\/v2\/types\/page"}],"author":[{"embeddable":true,"href":"http:\/\/asc-pfalzel.de\/dashboard\/wp-json\/wp\/v2\/users\/1"}],"replies":[{"embeddable":true,"href":"http:\/\/asc-pfalzel.de\/dashboard\/wp-json\/wp\/v2\/comments?post=21"}],"version-history":[{"count":33,"href":"http:\/\/asc-pfalzel.de\/dashboard\/wp-json\/wp\/v2\/pages\/21\/revisions"}],"predecessor-version":[{"id":1067,"href":"http:\/\/asc-pfalzel.de\/dashboard\/wp-json\/wp\/v2\/pages\/21\/revisions\/1067"}],"wp:attachment":[{"href":"http:\/\/asc-pfalzel.de\/dashboard\/wp-json\/wp\/v2\/media?parent=21"}],"curies":[{"name":"wp","href":"https:\/\/api.w.org\/{rel}","templated":true}]}}