{"id":15,"date":"2024-03-26T13:51:59","date_gmt":"2024-03-26T12:51:59","guid":{"rendered":"http:\/\/127.0.0.1\/dashboard\/?page_id=15"},"modified":"2024-08-27T11:34:43","modified_gmt":"2024-08-27T09:34:43","slug":"fotogalerie","status":"publish","type":"page","link":"http:\/\/asc-pfalzel.de\/dashboard\/fotogalerie\/","title":{"rendered":"Fotogalerie"},"content":{"rendered":"<style>\/*! elementor - v3.21.0 - 15-04-2024 *\/\n.elementor-widget-image-carousel .swiper,.elementor-widget-image-carousel .swiper-container{position:static}.elementor-widget-image-carousel .swiper-container .swiper-slide figure,.elementor-widget-image-carousel .swiper .swiper-slide figure{line-height:inherit}.elementor-widget-image-carousel .swiper-slide{text-align:center}.elementor-image-carousel-wrapper:not(.swiper-container-initialized):not(.swiper-initialized) .swiper-slide{max-width:calc(100% \/ var(--e-image-carousel-slides-to-show, 3))}<\/style>\n<figure><img decoding=\"async\" src=\"http:\/\/asc-pfalzel.de\/dashboard\/wp-content\/uploads\/2024\/03\/Beuren-1.png\" alt=\"Beuren\" \/><figcaption>Beuren<\/figcaption><\/figure>\n<figure><img decoding=\"async\" src=\"http:\/\/asc-pfalzel.de\/dashboard\/wp-content\/uploads\/2024\/03\/Anangeln5.jpg\" alt=\"Anangeln\" \/><figcaption>Anangeln<\/figcaption><\/figure>\n<p>\t\t\t\t\t\t<svg aria-hidden=\"true\" viewBox=\"0 0 512 512\" xmlns=\"http:\/\/www.w3.org\/2000\/svg\"><path d=\"M256 504C119 504 8 393 8 256S119 8 256 8s248 111 248 248-111 248-248 248zm28.9-143.6L209.4 288H392c13.3 0 24-10.7 24-24v-16c0-13.3-10.7-24-24-24H209.4l75.5-72.4c9.7-9.3 9.9-24.8.4-34.3l-11-10.9c-9.4-9.4-24.6-9.4-33.9 0L107.7 239c-9.4 9.4-9.4 24.6 0 33.9l132.7 132.7c9.4 9.4 24.6 9.4 33.9 0l11-10.9c9.5-9.5 9.3-25-.4-34.3z\"><\/path><\/svg><br \/>\n\t\t\t\t\t\t<svg aria-hidden=\"true\" viewBox=\"0 0 512 512\" xmlns=\"http:\/\/www.w3.org\/2000\/svg\"><path d=\"M256 8c137 0 248 111 248 248S393 504 256 504 8 393 8 256 119 8 256 8zm-28.9 143.6l75.5 72.4H120c-13.3 0-24 10.7-24 24v16c0 13.3 10.7 24 24 24h182.6l-75.5 72.4c-9.7 9.3-9.9 24.8-.4 34.3l11 10.9c9.4 9.4 24.6 9.4 33.9 0L404.3 273c9.4-9.4 9.4-24.6 0-33.9L271.6 106.3c-9.4-9.4-24.6-9.4-33.9 0l-11 10.9c-9.5 9.6-9.3 25.1.4 34.4z\"><\/path><\/svg>\t\t\t\t\t<\/p>\n<style>\/*! elementor - v3.21.0 - 15-04-2024 *\/\n.elementor-widget-image{text-align:center}.elementor-widget-image a{display:inline-block}.elementor-widget-image a img[src$=\".svg\"]{width:48px}.elementor-widget-image img{vertical-align:middle;display:inline-block}<\/style>\n<figure>\n\t\t\t\t\t\t\t\t\t\t<img fetchpriority=\"high\" decoding=\"async\" width=\"300\" height=\"225\" src=\"http:\/\/asc-pfalzel.de\/dashboard\/wp-content\/uploads\/2024\/05\/IMG-20240429-WA0001-300x225.jpg\" alt=\"\" srcset=\"http:\/\/asc-pfalzel.de\/dashboard\/wp-content\/uploads\/2024\/05\/IMG-20240429-WA0001-300x225.jpg 300w, http:\/\/asc-pfalzel.de\/dashboard\/wp-content\/uploads\/2024\/05\/IMG-20240429-WA0001-1024x766.jpg 1024w, http:\/\/asc-pfalzel.de\/dashboard\/wp-content\/uploads\/2024\/05\/IMG-20240429-WA0001-768x575.jpg 768w, http:\/\/asc-pfalzel.de\/dashboard\/wp-content\/uploads\/2024\/05\/IMG-20240429-WA0001.jpg 1296w\" sizes=\"(max-width: 300px) 100vw, 300px\" \/><figcaption>1. Anangeln in Beuren 28.04.2024<\/figcaption><\/figure>\n<figure>\n\t\t\t\t\t\t\t\t\t\t<img decoding=\"async\" width=\"300\" height=\"234\" src=\"http:\/\/asc-pfalzel.de\/dashboard\/wp-content\/uploads\/2024\/05\/image1-300x234.jpeg\" alt=\"\" srcset=\"http:\/\/asc-pfalzel.de\/dashboard\/wp-content\/uploads\/2024\/05\/image1-300x234.jpeg 300w, http:\/\/asc-pfalzel.de\/dashboard\/wp-content\/uploads\/2024\/05\/image1-1024x799.jpeg 1024w, http:\/\/asc-pfalzel.de\/dashboard\/wp-content\/uploads\/2024\/05\/image1-768x600.jpeg 768w, http:\/\/asc-pfalzel.de\/dashboard\/wp-content\/uploads\/2024\/05\/image1-1536x1199.jpeg 1536w, http:\/\/asc-pfalzel.de\/dashboard\/wp-content\/uploads\/2024\/05\/image1.jpeg 2006w\" sizes=\"(max-width: 300px) 100vw, 300px\" \/><figcaption>sch\u00f6ne Bachforelle in Los 5 Kyll  gefangen im Sommer 2023<\/figcaption><\/figure>\n<figure>\n\t\t\t\t\t\t\t\t\t\t<img decoding=\"async\" width=\"300\" height=\"225\" src=\"http:\/\/asc-pfalzel.de\/dashboard\/wp-content\/uploads\/2024\/05\/Bachforelle-aus-Los-V-Kyll-300x225.jpg\" alt=\"\" srcset=\"http:\/\/asc-pfalzel.de\/dashboard\/wp-content\/uploads\/2024\/05\/Bachforelle-aus-Los-V-Kyll-300x225.jpg 300w, http:\/\/asc-pfalzel.de\/dashboard\/wp-content\/uploads\/2024\/05\/Bachforelle-aus-Los-V-Kyll-1024x768.jpg 1024w, http:\/\/asc-pfalzel.de\/dashboard\/wp-content\/uploads\/2024\/05\/Bachforelle-aus-Los-V-Kyll-768x576.jpg 768w, http:\/\/asc-pfalzel.de\/dashboard\/wp-content\/uploads\/2024\/05\/Bachforelle-aus-Los-V-Kyll-1536x1152.jpg 1536w, http:\/\/asc-pfalzel.de\/dashboard\/wp-content\/uploads\/2024\/05\/Bachforelle-aus-Los-V-Kyll.jpg 1600w\" sizes=\"(max-width: 300px) 100vw, 300px\" \/><figcaption>sch\u00f6ne Bachforelle aus Los 5 gefangen von Jonas Streit 2023<\/figcaption><\/figure>\n<p>\t\t\t\t\t\t\t\t\t\t\t\t\t<img loading=\"lazy\" decoding=\"async\" width=\"148\" height=\"300\" src=\"http:\/\/asc-pfalzel.de\/dashboard\/wp-content\/uploads\/2024\/05\/IMG-20240317-WA0001-148x300.jpg\" alt=\"\" srcset=\"http:\/\/asc-pfalzel.de\/dashboard\/wp-content\/uploads\/2024\/05\/IMG-20240317-WA0001-148x300.jpg 148w, http:\/\/asc-pfalzel.de\/dashboard\/wp-content\/uploads\/2024\/05\/IMG-20240317-WA0001-504x1024.jpg 504w, http:\/\/asc-pfalzel.de\/dashboard\/wp-content\/uploads\/2024\/05\/IMG-20240317-WA0001-768x1559.jpg 768w, http:\/\/asc-pfalzel.de\/dashboard\/wp-content\/uploads\/2024\/05\/IMG-20240317-WA0001-756x1536.jpg 756w, http:\/\/asc-pfalzel.de\/dashboard\/wp-content\/uploads\/2024\/05\/IMG-20240317-WA0001.jpg 788w\" sizes=\"(max-width: 148px) 100vw, 148px\" \/>\t\t\t\t\t\t\t\t\t\t\t\t\t<\/p>\n<figure>\n\t\t\t\t\t\t\t\t\t\t<img loading=\"lazy\" decoding=\"async\" width=\"300\" height=\"225\" src=\"http:\/\/asc-pfalzel.de\/dashboard\/wp-content\/uploads\/2024\/05\/IMG-20240402-WA0000-300x225.jpg\" alt=\"\" srcset=\"http:\/\/asc-pfalzel.de\/dashboard\/wp-content\/uploads\/2024\/05\/IMG-20240402-WA0000-300x225.jpg 300w, http:\/\/asc-pfalzel.de\/dashboard\/wp-content\/uploads\/2024\/05\/IMG-20240402-WA0000-1024x768.jpg 1024w, http:\/\/asc-pfalzel.de\/dashboard\/wp-content\/uploads\/2024\/05\/IMG-20240402-WA0000-768x576.jpg 768w, http:\/\/asc-pfalzel.de\/dashboard\/wp-content\/uploads\/2024\/05\/IMG-20240402-WA0000-1536x1152.jpg 1536w, http:\/\/asc-pfalzel.de\/dashboard\/wp-content\/uploads\/2024\/05\/IMG-20240402-WA0000.jpg 1600w\" sizes=\"(max-width: 300px) 100vw, 300px\" \/><figcaption>Unser 2. Vorsitzender Andreas B\u00fcttner, sch\u00f6ner Brassen gefangen im April 2024  im Weiher Beuren<\/figcaption><\/figure>\n<style>\/*! elementor - v3.21.0 - 15-04-2024 *\/\n.elementor-heading-title{padding:0;margin:0;line-height:1}.elementor-widget-heading .elementor-heading-title[class*=elementor-size-]>a{color:inherit;font-size:inherit;line-height:inherit}.elementor-widget-heading .elementor-heading-title.elementor-size-small{font-size:15px}.elementor-widget-heading .elementor-heading-title.elementor-size-medium{font-size:19px}.elementor-widget-heading .elementor-heading-title.elementor-size-large{font-size:29px}.elementor-widget-heading .elementor-heading-title.elementor-size-xl{font-size:39px}.elementor-widget-heading .elementor-heading-title.elementor-size-xxl{font-size:59px}<\/style>\n<h2>\u00d6ffentlichkeitstag in Beuren am 08.06.2024<\/h2>\n<p>\t\t\t\t\t\t\t\t\t\t\t\t\t<img loading=\"lazy\" decoding=\"async\" width=\"756\" height=\"1008\" src=\"http:\/\/asc-pfalzel.de\/dashboard\/wp-content\/uploads\/2024\/06\/20240608_114345-1.jpg\" alt=\"\" srcset=\"http:\/\/asc-pfalzel.de\/dashboard\/wp-content\/uploads\/2024\/06\/20240608_114345-1.jpg 756w, http:\/\/asc-pfalzel.de\/dashboard\/wp-content\/uploads\/2024\/06\/20240608_114345-1-225x300.jpg 225w\" sizes=\"(max-width: 756px) 100vw, 756px\" \/><br \/>\n\t\t\t\t\t\t\t\t\t\t\t\t\t<img decoding=\"async\" src=\"http:\/\/asc-pfalzel.de\/dashboard\/wp-content\/plugins\/elementor\/assets\/images\/placeholder.png\" title=\"\" alt=\"\" loading=\"lazy\" \/><\/p>\n","protected":false},"excerpt":{"rendered":"<p>Beuren Anangeln 1. Anangeln in Beuren 28.04.2024 sch\u00f6ne Bachforelle in Los 5 Kyll gefangen im Sommer 2023 sch\u00f6ne Bachforelle aus Los 5 gefangen von Jonas Streit 2023 Unser 2. Vorsitzender Andreas B\u00fcttner, sch\u00f6ner Brassen gefangen im April 2024 im Weiher Beuren \u00d6ffentlichkeitstag in Beuren am 08.06.2024<\/p>\n","protected":false},"author":1,"featured_media":0,"parent":0,"menu_order":0,"comment_status":"closed","ping_status":"closed","template":"","meta":{"ocean_post_layout":"full-screen","ocean_both_sidebars_style":"","ocean_both_sidebars_content_width":0,"ocean_both_sidebars_sidebars_width":0,"ocean_sidebar":"","ocean_second_sidebar":"","ocean_disable_margins":"enable","ocean_add_body_class":"","ocean_shortcode_before_top_bar":"","ocean_shortcode_after_top_bar":"","ocean_shortcode_before_header":"","ocean_shortcode_after_header":"","ocean_has_shortcode":"","ocean_shortcode_after_title":"","ocean_shortcode_before_footer_widgets":"","ocean_shortcode_after_footer_widgets":"","ocean_shortcode_before_footer_bottom":"","ocean_shortcode_after_footer_bottom":"","ocean_display_top_bar":"off","ocean_display_header":"default","ocean_header_style":"minimal","ocean_center_header_left_menu":"","ocean_custom_header_template":"","ocean_custom_logo":0,"ocean_custom_retina_logo":0,"ocean_custom_logo_max_width":0,"ocean_custom_logo_tablet_max_width":0,"ocean_custom_logo_mobile_max_width":0,"ocean_custom_logo_max_height":0,"ocean_custom_logo_tablet_max_height":0,"ocean_custom_logo_mobile_max_height":0,"ocean_header_custom_menu":"","ocean_menu_typo_font_family":"","ocean_menu_typo_font_subset":"","ocean_menu_typo_font_size":0,"ocean_menu_typo_font_size_tablet":0,"ocean_menu_typo_font_size_mobile":0,"ocean_menu_typo_font_size_unit":"px","ocean_menu_typo_font_weight":"","ocean_menu_typo_font_weight_tablet":"","ocean_menu_typo_font_weight_mobile":"","ocean_menu_typo_transform":"","ocean_menu_typo_transform_tablet":"","ocean_menu_typo_transform_mobile":"","ocean_menu_typo_line_height":0,"ocean_menu_typo_line_height_tablet":0,"ocean_menu_typo_line_height_mobile":0,"ocean_menu_typo_line_height_unit":"","ocean_menu_typo_spacing":0,"ocean_menu_typo_spacing_tablet":0,"ocean_menu_typo_spacing_mobile":0,"ocean_menu_typo_spacing_unit":"","ocean_menu_link_color":"","ocean_menu_link_color_hover":"","ocean_menu_link_color_active":"","ocean_menu_link_background":"","ocean_menu_link_hover_background":"","ocean_menu_link_active_background":"","ocean_menu_social_links_bg":"","ocean_menu_social_hover_links_bg":"","ocean_menu_social_links_color":"","ocean_menu_social_hover_links_color":"","ocean_disable_title":"on","ocean_disable_heading":"default","ocean_post_title":"","ocean_post_subheading":"","ocean_post_title_style":"","ocean_post_title_background_color":"","ocean_post_title_background":0,"ocean_post_title_bg_image_position":"","ocean_post_title_bg_image_attachment":"","ocean_post_title_bg_image_repeat":"","ocean_post_title_bg_image_size":"","ocean_post_title_height":0,"ocean_post_title_bg_overlay":0.5,"ocean_post_title_bg_overlay_color":"","ocean_disable_breadcrumbs":"default","ocean_breadcrumbs_color":"","ocean_breadcrumbs_separator_color":"","ocean_breadcrumbs_links_color":"","ocean_breadcrumbs_links_hover_color":"","ocean_display_footer_widgets":"off","ocean_display_footer_bottom":"off","ocean_custom_footer_template":"","footnotes":""},"_links":{"self":[{"href":"http:\/\/asc-pfalzel.de\/dashboard\/wp-json\/wp\/v2\/pages\/15"}],"collection":[{"href":"http:\/\/asc-pfalzel.de\/dashboard\/wp-json\/wp\/v2\/pages"}],"about":[{"href":"http:\/\/asc-pfalzel.de\/dashboard\/wp-json\/wp\/v2\/types\/page"}],"author":[{"embeddable":true,"href":"http:\/\/asc-pfalzel.de\/dashboard\/wp-json\/wp\/v2\/users\/1"}],"replies":[{"embeddable":true,"href":"http:\/\/asc-pfalzel.de\/dashboard\/wp-json\/wp\/v2\/comments?post=15"}],"version-history":[{"count":57,"href":"http:\/\/asc-pfalzel.de\/dashboard\/wp-json\/wp\/v2\/pages\/15\/revisions"}],"predecessor-version":[{"id":996,"href":"http:\/\/asc-pfalzel.de\/dashboard\/wp-json\/wp\/v2\/pages\/15\/revisions\/996"}],"wp:attachment":[{"href":"http:\/\/asc-pfalzel.de\/dashboard\/wp-json\/wp\/v2\/media?parent=15"}],"curies":[{"name":"wp","href":"https:\/\/api.w.org\/{rel}","templated":true}]}}